{"id":3637,"date":"2025-03-03T14:02:40","date_gmt":"2025-03-03T12:02:40","guid":{"rendered":"https:\/\/staging4.team99.it\/travailler-avec-nous\/"},"modified":"2025-09-30T10:14:58","modified_gmt":"2025-09-30T08:14:58","slug":"work-with-us","status":"publish","type":"page","link":"https:\/\/capner.be\/en\/work-with-us\/","title":{"rendered":"Work with us"},"content":{"rendered":"\n<div class=\"wp-block-cover is-style-cover-multiply pattern-intro\" style=\"min-height:100vh;aspect-ratio:unset;\"><img loading=\"lazy\" decoding=\"async\" width=\"1024\" height=\"682\" class=\"wp-block-cover__image-background wp-image-4550 size-large\" alt=\"\" src=\"https:\/\/capner.be\/wp-content\/uploads\/sites\/4\/2025\/09\/capner_be_lavora_con_noi-1024x682.jpg\" data-object-fit=\"cover\" srcset=\"https:\/\/capner.be\/wp-content\/uploads\/sites\/4\/2025\/09\/capner_be_lavora_con_noi-1024x682.jpg 1024w, https:\/\/capner.be\/wp-content\/uploads\/sites\/4\/2025\/09\/capner_be_lavora_con_noi-300x200.jpg 300w, https:\/\/capner.be\/wp-content\/uploads\/sites\/4\/2025\/09\/capner_be_lavora_con_noi-768x512.jpg 768w, https:\/\/capner.be\/wp-content\/uploads\/sites\/4\/2025\/09\/capner_be_lavora_con_noi-1536x1024.jpg 1536w, https:\/\/capner.be\/wp-content\/uploads\/sites\/4\/2025\/09\/capner_be_lavora_con_noi.jpg 2000w\" sizes=\"auto, (max-width: 1024px) 100vw, 1024px\" \/><span aria-hidden=\"true\" class=\"wp-block-cover__background has-custom-nero-background-color has-background-dim-60 has-background-dim\"><\/span><div class=\"wp-block-cover__inner-container has-global-padding is-layout-constrained wp-block-cover-is-layout-constrained\">\n<div class=\"wp-block-group has-global-padding is-content-justification-left is-layout-constrained wp-container-core-group-is-layout-5b3d42a2 wp-block-group-is-layout-constrained\">\n<h1 class=\"wp-block-heading has-titolo-giant-font-size\">Work with us<\/h1>\n\n\n\n<p class=\"has-titolo-grande-font-size\">We&#8217;re looking for motivated employees who are passionate about renewable energies and ready to join our exclusive sales team.<\/p>\n<\/div>\n<\/div><\/div>\n\n\n\n<div class=\"wp-block-group pattern-txt-img has-custom-quattro-background-color has-background is-layout-flow wp-block-group-is-layout-flow\" style=\"padding-top:0;padding-right:0;padding-bottom:0;padding-left:0\">\n<div class=\"wp-block-columns is-layout-flex wp-container-core-columns-is-layout-00d5f2ad wp-block-columns-is-layout-flex\">\n<div class=\"wp-block-column is-vertically-aligned-center has-global-padding is-layout-constrained wp-block-column-is-layout-constrained\" style=\"padding-top:60px;padding-bottom:60px;flex-basis:50%\">\n<div style=\"height:150px\" aria-hidden=\"true\" class=\"wp-block-spacer nascosto-mobile\"><\/div>\n\n\n\n<div class=\"wp-block-cover is-light\"><span aria-hidden=\"true\" class=\"wp-block-cover__background has-background-dim-0 has-background-dim\"><\/span><div class=\"wp-block-cover__inner-container has-global-padding is-layout-constrained wp-container-core-cover-is-layout-a099c240 wp-block-cover-is-layout-constrained\">\n<p class=\"has-pretitolo-font-size\" style=\"text-transform:uppercase\">JOIN THE TEAM<\/p>\n\n\n\n<h2 class=\"wp-block-heading has-titolo-grande-font-size\">Welcome to <mark style=\"background-color:rgba(0, 0, 0, 0)\" class=\"has-inline-color has-custom-uno-color\"><strong>&#8220;Capner&#8217;s Work with us&#8221;<\/strong><\/mark> page<\/h2>\n\n\n\n<p class=\"\">Fill in the form and briefly describe your experience or why you would like to join our team. Our team will evaluate your position and contact you if it&#8217;s right for you.<\/p>\n<\/div><\/div>\n\n\n\n<div style=\"height:150px\" aria-hidden=\"true\" class=\"wp-block-spacer nascosto-mobile\"><\/div>\n<\/div>\n\n\n\n<div class=\"wp-block-column is-vertically-aligned-stretch is-layout-flow wp-block-column-is-layout-flow\" style=\"flex-basis:50%;min-height:450px\">\n<div class=\"wp-block-cover is-light is-style-default\" style=\"min-height:100%;aspect-ratio:unset;\"><img loading=\"lazy\" decoding=\"async\" width=\"2000\" height=\"1333\" class=\"wp-block-cover__image-background wp-image-508\" alt=\"\" src=\"https:\/\/capner.be\/wp-content\/uploads\/sites\/4\/2025\/02\/capner_pannelli_solari_tetto.jpg\" data-object-fit=\"cover\" srcset=\"https:\/\/capner.be\/wp-content\/uploads\/sites\/4\/2025\/02\/capner_pannelli_solari_tetto.jpg 2000w, https:\/\/capner.be\/wp-content\/uploads\/sites\/4\/2025\/02\/capner_pannelli_solari_tetto-300x200.jpg 300w, https:\/\/capner.be\/wp-content\/uploads\/sites\/4\/2025\/02\/capner_pannelli_solari_tetto-1024x682.jpg 1024w, https:\/\/capner.be\/wp-content\/uploads\/sites\/4\/2025\/02\/capner_pannelli_solari_tetto-768x512.jpg 768w, https:\/\/capner.be\/wp-content\/uploads\/sites\/4\/2025\/02\/capner_pannelli_solari_tetto-1536x1024.jpg 1536w\" sizes=\"auto, (max-width: 2000px) 100vw, 2000px\" \/><span aria-hidden=\"true\" class=\"wp-block-cover__background has-custom-bianco-background-color has-background-dim-100 has-background-dim\"><\/span><div class=\"wp-block-cover__inner-container has-global-padding is-layout-constrained wp-block-cover-is-layout-constrained\">\n<p class=\"has-text-align-center has-large-font-size\"><\/p>\n\n\n<div class=\"frm_forms  with_frm_style frm_style_stile-di-formidable-2\" id=\"frm_form_106_container\" >\n<form enctype=\"multipart\/form-data\" method=\"post\" class=\"frm-show-form  frm_pro_form \" id=\"form_lavora-con-noi-en\" >\n<div class=\"frm_form_fields \">\n<fieldset>\n<legend class=\"frm_screen_reader\">Lavora con noi EN<\/legend>\r\n\r\n<div class=\"frm_fields_container\">\n<input type=\"hidden\" name=\"frm_action\" value=\"create\" \/>\n<input type=\"hidden\" name=\"form_id\" value=\"106\" \/>\n<input type=\"hidden\" name=\"frm_hide_fields_106\" id=\"frm_hide_fields_106\" value=\"\" \/>\n<input type=\"hidden\" name=\"form_key\" value=\"lavora-con-noi-en\" \/>\n<input type=\"hidden\" name=\"item_meta[0]\" value=\"\" \/>\n<input type=\"hidden\" id=\"frm_submit_entry_106\" name=\"frm_submit_entry_106\" value=\"98a8b585db\" \/><input type=\"hidden\" name=\"_wp_http_referer\" value=\"\/en\/wp-json\/wp\/v2\/pages\/3637\" \/><div id=\"frm_field_1695_container\" class=\"frm_form_field form-field  frm_required_field frm_inside_container frm_first frm_half\">\r\n    <label for=\"field_qh4icy32\" id=\"field_qh4icy32_label\" class=\"frm_primary_label\">Name\r\n        <span class=\"frm_required\" aria-hidden=\"true\">*<\/span>\r\n    <\/label>\r\n    <input  type=\"text\" id=\"field_qh4icy32\" name=\"item_meta[1695]\" value=\"\"  data-reqmsg=\"Ce champ ne peut pas \u00eatre vide.\" aria-required=\"true\" data-invmsg=\"Name is invalid\" aria-invalid=\"false\"   \/>\r\n    \r\n    \r\n<\/div>\n<div id=\"frm_field_1696_container\" class=\"frm_form_field form-field  frm_required_field frm_inside_container frm_half\">\r\n    <label for=\"field_ocfup132\" id=\"field_ocfup132_label\" class=\"frm_primary_label\">Surname\r\n        <span class=\"frm_required\" aria-hidden=\"true\">*<\/span>\r\n    <\/label>\r\n    <input  type=\"text\" id=\"field_ocfup132\" name=\"item_meta[1696]\" value=\"\"  data-reqmsg=\"Ce champ ne peut pas \u00eatre vide.\" aria-required=\"true\" data-invmsg=\"Last non \u00e8 valido\" aria-invalid=\"false\"   \/>\r\n    \r\n    \r\n<\/div>\n<div id=\"frm_field_1697_container\" class=\"frm_form_field form-field  frm_required_field frm_inside_container frm_full\">\r\n    <label for=\"field_29yf4d32\" id=\"field_29yf4d32_label\" class=\"frm_primary_label\">Email\r\n        <span class=\"frm_required\" aria-hidden=\"true\">*<\/span>\r\n    <\/label>\r\n    <input type=\"email\" id=\"field_29yf4d32\" name=\"item_meta[1697]\" value=\"\"  data-reqmsg=\"Ce champ ne peut pas \u00eatre vide.\" aria-required=\"true\" data-invmsg=\"Veuillez saisir une adresse e-mail valide\" aria-invalid=\"false\"  \/>\r\n    \r\n    \r\n<\/div>\n<div id=\"frm_field_1698_container\" class=\"frm_form_field form-field  frm_required_field frm_inside_container frm_full\">\r\n    <label for=\"field_e6lis632\" id=\"field_e6lis632_label\" class=\"frm_primary_label\">Phone number\r\n        <span class=\"frm_required\" aria-hidden=\"true\">*<\/span>\r\n    <\/label>\r\n    <input type=\"tel\" id=\"field_e6lis632\" name=\"item_meta[1698]\" value=\"\"  data-reqmsg=\"Ce champ ne peut pas \u00eatre vide.\" aria-required=\"true\" data-invmsg=\"T\u00e9l\u00e9phone non \u00e8 valido\" aria-invalid=\"false\" pattern=\"((\\+\\d{1,3}(-|.| )?\\(?\\d\\)?(-| |.)?\\d{1,5})|(\\(?\\d{2,6}\\)?))(-|.| )?(\\d{3,4})(-|.| )?(\\d{4})(( x| ext)\\d{1,5}){0,1}$\"  \/>\r\n    \r\n    \r\n<\/div>\n<div id=\"frm_field_1699_container\" class=\"frm_form_field form-field  frm_top_container horizontal_radio\">\r\n    <div  id=\"field_7vsap32_label\" class=\"frm_primary_label\">How would you like to be contacted?\r\n        <span class=\"frm_required\" aria-hidden=\"true\"><\/span>\r\n    <\/div>\r\n    <div class=\"frm_opt_container\" aria-labelledby=\"field_7vsap32_label\" role=\"group\">\t\t<div class=\"frm_checkbox\" id=\"frm_checkbox_1699-0\">\t\t\t<label  for=\"field_7vsap32-0\">\n\t\t\t<input type=\"checkbox\" name=\"item_meta[1699][]\" id=\"field_7vsap32-0\" value=\"Phone number\"  data-invmsg=\"How would you like to be contacted? is invalid\"   \/> Phone number<\/label><\/div>\n\t\t<div class=\"frm_checkbox\" id=\"frm_checkbox_1699-1\">\t\t\t<label  for=\"field_7vsap32-1\">\n\t\t\t<input type=\"checkbox\" name=\"item_meta[1699][]\" id=\"field_7vsap32-1\" value=\"Mail\"  data-invmsg=\"How would you like to be contacted? is invalid\"   \/> Mail<\/label><\/div>\n<\/div>\r\n    \r\n    \r\n<\/div>\n<div id=\"frm_field_1700_container\" class=\"frm_form_field form-field  frm_required_field frm_top_container frm12 frm_first\">\r\n    <label for=\"field_9jv0r132\" id=\"field_9jv0r132_label\" class=\"frm_primary_label\">Message\r\n        <span class=\"frm_required\" aria-hidden=\"true\">*<\/span>\r\n    <\/label>\r\n    <textarea name=\"item_meta[1700]\" id=\"field_9jv0r132\" rows=\"5\"  data-reqmsg=\"Ce champ ne peut pas \u00eatre vide.\" aria-required=\"true\" data-invmsg=\"Message is invalid\" aria-invalid=\"false\"  ><\/textarea>\r\n    \r\n    \r\n<\/div>\n<div id=\"frm_field_1701_container\" class=\"frm_form_field form-field  frm_required_field frm_top_container frm12 frm_first vertical_radio\">\r\n    <div  id=\"field_f4paz3_label\" class=\"frm_primary_label\">Privacy Policy\r\n        <span class=\"frm_required\" aria-hidden=\"true\">*<\/span>\r\n    <\/div>\r\n    <div class=\"frm_opt_container\" aria-labelledby=\"field_f4paz3_label\" role=\"group\">\t\t<div class=\"frm_checkbox\" id=\"frm_checkbox_1701-0\">\t\t\t<label  for=\"field_f4paz3-0\">\n\t\t\t<input type=\"checkbox\" name=\"item_meta[1701][]\" id=\"field_f4paz3-0\" value=\"I declare that I have read the privacy policy and accept the processing of data for the purposes indicated on &lt;a href=&quot;\/en\/privacy-policy\/&quot; target=&quot;_blank&quot;&gt;this page&lt;\/a&gt;.\"  data-reqmsg=\"Ce champ ne peut pas \u00eatre vide.\" data-invmsg=\"Privacy Policy is invalid\"   aria-required=\"true\"  \/> I declare that I have read the privacy policy and accept the processing of data for the purposes indicated on <a href=\"\/en\/privacy-policy\/\" target=\"_blank\">this page<\/a>.<\/label><\/div>\n<\/div>\r\n    \r\n    \r\n<\/div>\n<div id=\"frm_field_1702_container\" class=\"frm_form_field form-field \">\r\n\t<div class=\"frm_submit\">\r\n\r\n<button class=\"frm_button_submit frm_final_submit\" type=\"submit\"   formnovalidate=\"formnovalidate\">Submit<\/button>\r\n\r\n\r\n<\/div>\r\n<\/div>\n\t<input type=\"hidden\" name=\"item_key\" value=\"\" \/>\n\t\t\t<div id=\"frm_field_1790_container\">\n\t\t\t<label for=\"field_5qbx3\" >\n\t\t\t\tIf you are human, leave this field blank.\t\t\t<\/label>\n\t\t\t<input  id=\"field_5qbx3\" type=\"text\" class=\"frm_form_field form-field frm_verify\" name=\"item_meta[1790]\" value=\"\"  \/>\n\t\t<\/div>\n\t\t<input name=\"frm_state\" type=\"hidden\" value=\"0R\/y8fd\/K8QKRPAV8AhL+c7fn9L1Jb82yq9zS0HcyC\/ut24iZQgS6wskXR\/u\/2Kn\" \/><\/div>\n<\/fieldset>\n<\/div>\n\n<p style=\"display: none !important;\" class=\"akismet-fields-container\" data-prefix=\"ak_\"><label>&#916;<textarea name=\"ak_hp_textarea\" cols=\"45\" rows=\"8\" maxlength=\"100\"><\/textarea><\/label><input type=\"hidden\" id=\"ak_js_1\" name=\"ak_js\" value=\"206\"\/><script>document.getElementById( \"ak_js_1\" ).setAttribute( \"value\", ( new Date() ).getTime() );<\/script><\/p><\/form>\n<\/div>\n<\/div><\/div>\n<\/div>\n<\/div>\n<\/div>\n","protected":false},"excerpt":{"rendered":"","protected":false},"author":2,"featured_media":0,"parent":0,"menu_order":0,"comment_status":"closed","ping_status":"closed","template":"","meta":{"_acf_changed":false,"footnotes":""},"class_list":["post-3637","page","type-page","status-publish","hentry"],"yoast_head":"<!-- This site is optimized with the Yoast SEO plugin v27.3 - https:\/\/yoast.com\/product\/yoast-seo-wordpress\/ -->\n<title>Work with us - Capner BE<\/title>\n<meta name=\"robots\" content=\"index, follow, max-snippet:-1, max-image-preview:large, max-video-preview:-1\" \/>\n<link rel=\"canonical\" href=\"https:\/\/capner.be\/en\/work-with-us\/\" \/>\n<meta property=\"og:locale\" content=\"en_US\" \/>\n<meta property=\"og:type\" content=\"article\" \/>\n<meta property=\"og:title\" content=\"Work with us - Capner BE\" \/>\n<meta property=\"og:url\" content=\"https:\/\/capner.be\/en\/work-with-us\/\" \/>\n<meta property=\"og:site_name\" content=\"Capner BE\" \/>\n<meta property=\"article:modified_time\" content=\"2025-09-30T08:14:58+00:00\" \/>\n<meta property=\"og:image\" content=\"https:\/\/capner.be\/wp-content\/uploads\/sites\/4\/2025\/09\/capner_be_lavora_con_noi.jpg\" \/>\n\t<meta property=\"og:image:width\" content=\"2000\" \/>\n\t<meta property=\"og:image:height\" content=\"1333\" \/>\n\t<meta property=\"og:image:type\" content=\"image\/jpeg\" \/>\n<meta name=\"twitter:card\" content=\"summary_large_image\" \/>\n<meta name=\"twitter:label1\" content=\"Est. reading time\" \/>\n\t<meta name=\"twitter:data1\" content=\"1 minute\" \/>\n<script type=\"application\/ld+json\" class=\"yoast-schema-graph\">{\"@context\":\"https:\\\/\\\/schema.org\",\"@graph\":[{\"@type\":\"WebPage\",\"@id\":\"https:\\\/\\\/capner.be\\\/en\\\/work-with-us\\\/\",\"url\":\"https:\\\/\\\/capner.be\\\/en\\\/work-with-us\\\/\",\"name\":\"Work with us - Capner BE\",\"isPartOf\":{\"@id\":\"https:\\\/\\\/capner.be\\\/en\\\/#website\"},\"primaryImageOfPage\":{\"@id\":\"https:\\\/\\\/capner.be\\\/en\\\/work-with-us\\\/#primaryimage\"},\"image\":{\"@id\":\"https:\\\/\\\/capner.be\\\/en\\\/work-with-us\\\/#primaryimage\"},\"thumbnailUrl\":\"https:\\\/\\\/capner.be\\\/wp-content\\\/uploads\\\/sites\\\/4\\\/2025\\\/09\\\/capner_be_lavora_con_noi-1024x682.jpg\",\"datePublished\":\"2025-03-03T12:02:40+00:00\",\"dateModified\":\"2025-09-30T08:14:58+00:00\",\"breadcrumb\":{\"@id\":\"https:\\\/\\\/capner.be\\\/en\\\/work-with-us\\\/#breadcrumb\"},\"inLanguage\":\"en-US\",\"potentialAction\":[{\"@type\":\"ReadAction\",\"target\":[\"https:\\\/\\\/capner.be\\\/en\\\/work-with-us\\\/\"]}]},{\"@type\":\"ImageObject\",\"inLanguage\":\"en-US\",\"@id\":\"https:\\\/\\\/capner.be\\\/en\\\/work-with-us\\\/#primaryimage\",\"url\":\"https:\\\/\\\/capner.be\\\/wp-content\\\/uploads\\\/sites\\\/4\\\/2025\\\/09\\\/capner_be_lavora_con_noi-1024x682.jpg\",\"contentUrl\":\"https:\\\/\\\/capner.be\\\/wp-content\\\/uploads\\\/sites\\\/4\\\/2025\\\/09\\\/capner_be_lavora_con_noi-1024x682.jpg\"},{\"@type\":\"BreadcrumbList\",\"@id\":\"https:\\\/\\\/capner.be\\\/en\\\/work-with-us\\\/#breadcrumb\",\"itemListElement\":[{\"@type\":\"ListItem\",\"position\":1,\"name\":\"Home\",\"item\":\"https:\\\/\\\/capner.be\\\/en\\\/\"},{\"@type\":\"ListItem\",\"position\":2,\"name\":\"Work with us\"}]},{\"@type\":\"WebSite\",\"@id\":\"https:\\\/\\\/capner.be\\\/en\\\/#website\",\"url\":\"https:\\\/\\\/capner.be\\\/en\\\/\",\"name\":\"Capner BE\",\"description\":\"A world of possibilities\",\"publisher\":{\"@id\":\"https:\\\/\\\/capner.be\\\/en\\\/#organization\"},\"potentialAction\":[{\"@type\":\"SearchAction\",\"target\":{\"@type\":\"EntryPoint\",\"urlTemplate\":\"https:\\\/\\\/capner.be\\\/en\\\/?s={search_term_string}\"},\"query-input\":{\"@type\":\"PropertyValueSpecification\",\"valueRequired\":true,\"valueName\":\"search_term_string\"}}],\"inLanguage\":\"en-US\"},{\"@type\":\"Organization\",\"@id\":\"https:\\\/\\\/capner.be\\\/en\\\/#organization\",\"name\":\"Capner BE\",\"url\":\"https:\\\/\\\/capner.be\\\/en\\\/\",\"logo\":{\"@type\":\"ImageObject\",\"inLanguage\":\"en-US\",\"@id\":\"https:\\\/\\\/capner.be\\\/en\\\/#\\\/schema\\\/logo\\\/image\\\/\",\"url\":\"https:\\\/\\\/capner.be\\\/wp-content\\\/uploads\\\/sites\\\/4\\\/2025\\\/11\\\/capner-logo-svg.svg\",\"contentUrl\":\"https:\\\/\\\/capner.be\\\/wp-content\\\/uploads\\\/sites\\\/4\\\/2025\\\/11\\\/capner-logo-svg.svg\",\"caption\":\"Capner BE\"},\"image\":{\"@id\":\"https:\\\/\\\/capner.be\\\/en\\\/#\\\/schema\\\/logo\\\/image\\\/\"}}]}<\/script>\n<!-- \/ Yoast SEO plugin. -->","yoast_head_json":{"title":"Work with us - Capner BE","robots":{"index":"index","follow":"follow","max-snippet":"max-snippet:-1","max-image-preview":"max-image-preview:large","max-video-preview":"max-video-preview:-1"},"canonical":"https:\/\/capner.be\/en\/work-with-us\/","og_locale":"en_US","og_type":"article","og_title":"Work with us - Capner BE","og_url":"https:\/\/capner.be\/en\/work-with-us\/","og_site_name":"Capner BE","article_modified_time":"2025-09-30T08:14:58+00:00","og_image":[{"width":2000,"height":1333,"url":"https:\/\/capner.be\/wp-content\/uploads\/sites\/4\/2025\/09\/capner_be_lavora_con_noi.jpg","type":"image\/jpeg"}],"twitter_card":"summary_large_image","twitter_misc":{"Est. reading time":"1 minute"},"schema":{"@context":"https:\/\/schema.org","@graph":[{"@type":"WebPage","@id":"https:\/\/capner.be\/en\/work-with-us\/","url":"https:\/\/capner.be\/en\/work-with-us\/","name":"Work with us - Capner BE","isPartOf":{"@id":"https:\/\/capner.be\/en\/#website"},"primaryImageOfPage":{"@id":"https:\/\/capner.be\/en\/work-with-us\/#primaryimage"},"image":{"@id":"https:\/\/capner.be\/en\/work-with-us\/#primaryimage"},"thumbnailUrl":"https:\/\/capner.be\/wp-content\/uploads\/sites\/4\/2025\/09\/capner_be_lavora_con_noi-1024x682.jpg","datePublished":"2025-03-03T12:02:40+00:00","dateModified":"2025-09-30T08:14:58+00:00","breadcrumb":{"@id":"https:\/\/capner.be\/en\/work-with-us\/#breadcrumb"},"inLanguage":"en-US","potentialAction":[{"@type":"ReadAction","target":["https:\/\/capner.be\/en\/work-with-us\/"]}]},{"@type":"ImageObject","inLanguage":"en-US","@id":"https:\/\/capner.be\/en\/work-with-us\/#primaryimage","url":"https:\/\/capner.be\/wp-content\/uploads\/sites\/4\/2025\/09\/capner_be_lavora_con_noi-1024x682.jpg","contentUrl":"https:\/\/capner.be\/wp-content\/uploads\/sites\/4\/2025\/09\/capner_be_lavora_con_noi-1024x682.jpg"},{"@type":"BreadcrumbList","@id":"https:\/\/capner.be\/en\/work-with-us\/#breadcrumb","itemListElement":[{"@type":"ListItem","position":1,"name":"Home","item":"https:\/\/capner.be\/en\/"},{"@type":"ListItem","position":2,"name":"Work with us"}]},{"@type":"WebSite","@id":"https:\/\/capner.be\/en\/#website","url":"https:\/\/capner.be\/en\/","name":"Capner BE","description":"A world of possibilities","publisher":{"@id":"https:\/\/capner.be\/en\/#organization"},"potentialAction":[{"@type":"SearchAction","target":{"@type":"EntryPoint","urlTemplate":"https:\/\/capner.be\/en\/?s={search_term_string}"},"query-input":{"@type":"PropertyValueSpecification","valueRequired":true,"valueName":"search_term_string"}}],"inLanguage":"en-US"},{"@type":"Organization","@id":"https:\/\/capner.be\/en\/#organization","name":"Capner BE","url":"https:\/\/capner.be\/en\/","logo":{"@type":"ImageObject","inLanguage":"en-US","@id":"https:\/\/capner.be\/en\/#\/schema\/logo\/image\/","url":"https:\/\/capner.be\/wp-content\/uploads\/sites\/4\/2025\/11\/capner-logo-svg.svg","contentUrl":"https:\/\/capner.be\/wp-content\/uploads\/sites\/4\/2025\/11\/capner-logo-svg.svg","caption":"Capner BE"},"image":{"@id":"https:\/\/capner.be\/en\/#\/schema\/logo\/image\/"}}]}},"acf":[],"_links":{"self":[{"href":"https:\/\/capner.be\/en\/wp-json\/wp\/v2\/pages\/3637","targetHints":{"allow":["GET"]}}],"collection":[{"href":"https:\/\/capner.be\/en\/wp-json\/wp\/v2\/pages"}],"about":[{"href":"https:\/\/capner.be\/en\/wp-json\/wp\/v2\/types\/page"}],"author":[{"embeddable":true,"href":"https:\/\/capner.be\/en\/wp-json\/wp\/v2\/users\/2"}],"replies":[{"embeddable":true,"href":"https:\/\/capner.be\/en\/wp-json\/wp\/v2\/comments?post=3637"}],"version-history":[{"count":6,"href":"https:\/\/capner.be\/en\/wp-json\/wp\/v2\/pages\/3637\/revisions"}],"predecessor-version":[{"id":4816,"href":"https:\/\/capner.be\/en\/wp-json\/wp\/v2\/pages\/3637\/revisions\/4816"}],"wp:attachment":[{"href":"https:\/\/capner.be\/en\/wp-json\/wp\/v2\/media?parent=3637"}],"curies":[{"name":"wp","href":"https:\/\/api.w.org\/{rel}","templated":true}]}}