{"id":4553,"date":"2025-03-03T14:02:40","date_gmt":"2025-03-03T12:02:40","guid":{"rendered":"https:\/\/staging4.team99.it\/travailler-avec-nous\/"},"modified":"2025-09-30T10:15:54","modified_gmt":"2025-09-30T08:15:54","slug":"werken-bij-ons","status":"publish","type":"page","link":"https:\/\/capner.be\/nl\/werken-bij-ons\/","title":{"rendered":"Werken bij ons"},"content":{"rendered":"\n<div class=\"wp-block-cover is-style-cover-multiply pattern-intro\" style=\"min-height:100vh;aspect-ratio:unset;\"><img loading=\"lazy\" decoding=\"async\" width=\"1024\" height=\"682\" class=\"wp-block-cover__image-background wp-image-4548 size-large\" alt=\"\" src=\"https:\/\/capner.be\/wp-content\/uploads\/sites\/4\/2025\/09\/capner_be_lavora_con_noi-1024x682.jpg\" data-object-fit=\"cover\" srcset=\"https:\/\/capner.be\/wp-content\/uploads\/sites\/4\/2025\/09\/capner_be_lavora_con_noi-1024x682.jpg 1024w, https:\/\/capner.be\/wp-content\/uploads\/sites\/4\/2025\/09\/capner_be_lavora_con_noi-300x200.jpg 300w, https:\/\/capner.be\/wp-content\/uploads\/sites\/4\/2025\/09\/capner_be_lavora_con_noi-768x512.jpg 768w, https:\/\/capner.be\/wp-content\/uploads\/sites\/4\/2025\/09\/capner_be_lavora_con_noi-1536x1024.jpg 1536w, https:\/\/capner.be\/wp-content\/uploads\/sites\/4\/2025\/09\/capner_be_lavora_con_noi.jpg 2000w\" sizes=\"auto, (max-width: 1024px) 100vw, 1024px\" \/><span aria-hidden=\"true\" class=\"wp-block-cover__background has-custom-nero-background-color has-background-dim-60 has-background-dim\"><\/span><div class=\"wp-block-cover__inner-container has-global-padding is-layout-constrained wp-block-cover-is-layout-constrained\">\n<div class=\"wp-block-group has-global-padding is-content-justification-left is-layout-constrained wp-container-core-group-is-layout-5b3d42a2 wp-block-group-is-layout-constrained\">\n<h1 class=\"wp-block-heading has-titolo-giant-font-size\">Werken bij ons<\/h1>\n\n\n\n<p class=\"has-titolo-grande-font-size\">Wij zijn op zoek naar gemotiveerde medewerkers die gepassioneerd zijn door hernieuwbare energie en deel willen uitmaken van ons exclusieve verkoopteam.<\/p>\n<\/div>\n<\/div><\/div>\n\n\n\n<div class=\"wp-block-group pattern-txt-img has-custom-quattro-background-color has-background is-layout-flow wp-block-group-is-layout-flow\" style=\"padding-top:0;padding-right:0;padding-bottom:0;padding-left:0\">\n<div class=\"wp-block-columns is-layout-flex wp-container-core-columns-is-layout-00d5f2ad wp-block-columns-is-layout-flex\">\n<div class=\"wp-block-column is-vertically-aligned-center has-global-padding is-layout-constrained wp-block-column-is-layout-constrained\" style=\"padding-top:60px;padding-bottom:60px;flex-basis:50%\">\n<div style=\"height:150px\" aria-hidden=\"true\" class=\"wp-block-spacer nascosto-mobile\"><\/div>\n\n\n\n<div class=\"wp-block-cover is-light\"><span aria-hidden=\"true\" class=\"wp-block-cover__background has-background-dim-0 has-background-dim\"><\/span><div class=\"wp-block-cover__inner-container has-global-padding is-layout-constrained wp-container-core-cover-is-layout-a099c240 wp-block-cover-is-layout-constrained\">\n<p class=\"has-pretitolo-font-size\" style=\"text-transform:uppercase\">WORD LID VAN HET TEAM<\/p>\n\n\n\n<h2 class=\"wp-block-heading has-titolo-grande-font-size\">Welkom op de pagina <strong><mark style=\"background-color:rgba(0, 0, 0, 0)\" class=\"has-inline-color has-custom-uno-color\">\u201cWerken bij ons\u201d<\/mark><\/strong> van Capner.<\/h2>\n\n\n\n<p class=\"\">Vul het formulier in en beschrijf kort uw ervaring of de reden waarom u bij ons team wilt komen.<br>Ons team zal uw profiel beoordelen en contact met u opnemen indien er een match is.<\/p>\n<\/div><\/div>\n\n\n\n<div style=\"height:150px\" aria-hidden=\"true\" class=\"wp-block-spacer nascosto-mobile\"><\/div>\n<\/div>\n\n\n\n<div class=\"wp-block-column is-vertically-aligned-stretch is-layout-flow wp-block-column-is-layout-flow\" style=\"flex-basis:50%;min-height:450px\">\n<div class=\"wp-block-cover is-light is-style-default\" style=\"min-height:100%;aspect-ratio:unset;\"><img loading=\"lazy\" decoding=\"async\" width=\"2000\" height=\"1333\" class=\"wp-block-cover__image-background wp-image-508\" alt=\"\" src=\"https:\/\/capner.be\/wp-content\/uploads\/sites\/4\/2025\/02\/capner_pannelli_solari_tetto.jpg\" data-object-fit=\"cover\" srcset=\"https:\/\/capner.be\/wp-content\/uploads\/sites\/4\/2025\/02\/capner_pannelli_solari_tetto.jpg 2000w, https:\/\/capner.be\/wp-content\/uploads\/sites\/4\/2025\/02\/capner_pannelli_solari_tetto-300x200.jpg 300w, https:\/\/capner.be\/wp-content\/uploads\/sites\/4\/2025\/02\/capner_pannelli_solari_tetto-1024x682.jpg 1024w, https:\/\/capner.be\/wp-content\/uploads\/sites\/4\/2025\/02\/capner_pannelli_solari_tetto-768x512.jpg 768w, https:\/\/capner.be\/wp-content\/uploads\/sites\/4\/2025\/02\/capner_pannelli_solari_tetto-1536x1024.jpg 1536w\" sizes=\"auto, (max-width: 2000px) 100vw, 2000px\" \/><span aria-hidden=\"true\" class=\"wp-block-cover__background has-custom-bianco-background-color has-background-dim-100 has-background-dim\"><\/span><div class=\"wp-block-cover__inner-container has-global-padding is-layout-constrained wp-block-cover-is-layout-constrained\">\n<p class=\"has-text-align-center has-large-font-size\"><\/p>\n\n\n<div class=\"frm_forms  with_frm_style frm_style_stile-di-formidable-2\" id=\"frm_form_101_container\" >\n<form enctype=\"multipart\/form-data\" method=\"post\" class=\"frm-show-form  frm_pro_form \" id=\"form_lavora-con-noi-nl\" >\n<div class=\"frm_form_fields \">\n<fieldset>\n<legend class=\"frm_screen_reader\">Lavora con noi NL<\/legend>\r\n\r\n<div class=\"frm_fields_container\">\n<input type=\"hidden\" name=\"frm_action\" value=\"create\" \/>\n<input type=\"hidden\" name=\"form_id\" value=\"101\" \/>\n<input type=\"hidden\" name=\"frm_hide_fields_101\" id=\"frm_hide_fields_101\" value=\"\" \/>\n<input type=\"hidden\" name=\"form_key\" value=\"lavora-con-noi-nl\" \/>\n<input type=\"hidden\" name=\"item_meta[0]\" value=\"\" \/>\n<input type=\"hidden\" id=\"frm_submit_entry_101\" name=\"frm_submit_entry_101\" value=\"c4b96c0a0d\" \/><input type=\"hidden\" name=\"_wp_http_referer\" value=\"\/nl\/wp-json\/wp\/v2\/pages\/4553\" \/><div id=\"frm_field_1621_container\" class=\"frm_form_field form-field  frm_required_field frm_inside_container frm_first frm_half\">\r\n    <label for=\"field_qh4icy33\" id=\"field_qh4icy33_label\" class=\"frm_primary_label\">Voornaam\r\n        <span class=\"frm_required\" aria-hidden=\"true\">*<\/span>\r\n    <\/label>\r\n    <input  type=\"text\" id=\"field_qh4icy33\" name=\"item_meta[1621]\" value=\"\"  data-reqmsg=\"Ce champ ne peut pas \u00eatre vide.\" aria-required=\"true\" data-invmsg=\"Name non \u00e8 valido\" aria-invalid=\"false\"   \/>\r\n    \r\n    \r\n<\/div>\n<div id=\"frm_field_1622_container\" class=\"frm_form_field form-field  frm_required_field frm_inside_container frm_half\">\r\n    <label for=\"field_ocfup133\" id=\"field_ocfup133_label\" class=\"frm_primary_label\">Naam\r\n        <span class=\"frm_required\" aria-hidden=\"true\">*<\/span>\r\n    <\/label>\r\n    <input  type=\"text\" id=\"field_ocfup133\" name=\"item_meta[1622]\" value=\"\"  data-reqmsg=\"Ce champ ne peut pas \u00eatre vide.\" aria-required=\"true\" data-invmsg=\"Last non \u00e8 valido\" aria-invalid=\"false\"   \/>\r\n    \r\n    \r\n<\/div>\n<div id=\"frm_field_1623_container\" class=\"frm_form_field form-field  frm_required_field frm_inside_container frm_full\">\r\n    <label for=\"field_29yf4d33\" id=\"field_29yf4d33_label\" class=\"frm_primary_label\">Email\r\n        <span class=\"frm_required\" aria-hidden=\"true\">*<\/span>\r\n    <\/label>\r\n    <input type=\"email\" id=\"field_29yf4d33\" name=\"item_meta[1623]\" value=\"\"  data-reqmsg=\"Ce champ ne peut pas \u00eatre vide.\" aria-required=\"true\" data-invmsg=\"Veuillez saisir une adresse e-mail valide\" aria-invalid=\"false\"  \/>\r\n    \r\n    \r\n<\/div>\n<div id=\"frm_field_1624_container\" class=\"frm_form_field form-field  frm_required_field frm_inside_container frm_full\">\r\n    <label for=\"field_e6lis633\" id=\"field_e6lis633_label\" class=\"frm_primary_label\">Telefoonnummer\r\n        <span class=\"frm_required\" aria-hidden=\"true\">*<\/span>\r\n    <\/label>\r\n    <input type=\"tel\" id=\"field_e6lis633\" name=\"item_meta[1624]\" value=\"\"  data-reqmsg=\"Ce champ ne peut pas \u00eatre vide.\" aria-required=\"true\" data-invmsg=\"T\u00e9l\u00e9phone non \u00e8 valido\" aria-invalid=\"false\" pattern=\"((\\+\\d{1,3}(-|.| )?\\(?\\d\\)?(-| |.)?\\d{1,5})|(\\(?\\d{2,6}\\)?))(-|.| )?(\\d{3,4})(-|.| )?(\\d{4})(( x| ext)\\d{1,5}){0,1}$\"  \/>\r\n    \r\n    \r\n<\/div>\n<div id=\"frm_field_1625_container\" class=\"frm_form_field form-field  frm_top_container horizontal_radio\">\r\n    <div  id=\"field_7vsap33_label\" class=\"frm_primary_label\">Hoe wordt u het liefst gecontacteerd?\r\n        <span class=\"frm_required\" aria-hidden=\"true\"><\/span>\r\n    <\/div>\r\n    <div class=\"frm_opt_container\" aria-labelledby=\"field_7vsap33_label\" role=\"group\">\t\t<div class=\"frm_checkbox\" id=\"frm_checkbox_1625-0\">\t\t\t<label  for=\"field_7vsap33-0\">\n\t\t\t<input type=\"checkbox\" name=\"item_meta[1625][]\" id=\"field_7vsap33-0\" value=\"Telefoonnummer\"  data-invmsg=\"Hoe wordt u het liefst gecontacteerd? is ongeldig\"   \/> Telefoonnummer<\/label><\/div>\n\t\t<div class=\"frm_checkbox\" id=\"frm_checkbox_1625-1\">\t\t\t<label  for=\"field_7vsap33-1\">\n\t\t\t<input type=\"checkbox\" name=\"item_meta[1625][]\" id=\"field_7vsap33-1\" value=\"Email\"  data-invmsg=\"Hoe wordt u het liefst gecontacteerd? is ongeldig\"   \/> Email<\/label><\/div>\n<\/div>\r\n    \r\n    \r\n<\/div>\n<div id=\"frm_field_1626_container\" class=\"frm_form_field form-field  frm_required_field frm_top_container frm12 frm_first\">\r\n    <label for=\"field_9jv0r133\" id=\"field_9jv0r133_label\" class=\"frm_primary_label\">Bericht\r\n        <span class=\"frm_required\" aria-hidden=\"true\">*<\/span>\r\n    <\/label>\r\n    <textarea name=\"item_meta[1626]\" id=\"field_9jv0r133\" rows=\"5\"  data-reqmsg=\"Ce champ ne peut pas \u00eatre vide.\" aria-required=\"true\" data-invmsg=\"Message non \u00e8 valido\" aria-invalid=\"false\"  ><\/textarea>\r\n    \r\n    \r\n<\/div>\n<div id=\"frm_field_1627_container\" class=\"frm_form_field form-field  frm_required_field frm_top_container frm12 frm_first vertical_radio\">\r\n    <div  id=\"field_f4paz4_label\" class=\"frm_primary_label\">Privacy Policy \u2013 Privacybeleid\r\n        <span class=\"frm_required\" aria-hidden=\"true\">*<\/span>\r\n    <\/div>\r\n    <div class=\"frm_opt_container\" aria-labelledby=\"field_f4paz4_label\" role=\"group\">\t\t<div class=\"frm_checkbox\" id=\"frm_checkbox_1627-0\">\t\t\t<label  for=\"field_f4paz4-0\">\n\t\t\t<input type=\"checkbox\" name=\"item_meta[1627][]\" id=\"field_f4paz4-0\" value=\"Ik verklaar dat ik het privacybeleid heb gelezen en accepteer de verwerking van gegevens op  &lt;a href=&quot;&quot;&gt; deze pagina &lt;\/a&gt; voor de aangegeven doeleinden.\"  data-reqmsg=\"Ce champ ne peut pas \u00eatre vide.\" data-invmsg=\"Privacy Policy \u2013 Privacybeleid is ongeldig\"   aria-required=\"true\"  \/> Ik verklaar dat ik het privacybeleid heb gelezen en accepteer de verwerking van gegevens op  <a href=\"\"> deze pagina <\/a> voor de aangegeven doeleinden.<\/label><\/div>\n<\/div>\r\n    \r\n    \r\n<\/div>\n<div id=\"frm_field_1786_container\" class=\"frm_form_field form-field \">\r\n\t<div class=\"frm_submit\">\r\n\r\n<button class=\"frm_button_submit frm_final_submit\" type=\"submit\"   formnovalidate=\"formnovalidate\">Sturen<\/button>\r\n\r\n\r\n<\/div>\r\n<\/div>\n\t<input type=\"hidden\" name=\"item_key\" value=\"\" \/>\n\t\t\t<div id=\"frm_field_1790_container\">\n\t\t\t<label for=\"field_ealj5\" >\n\t\t\t\tIndien je een mens bent, laat dit veld leeg:.\t\t\t<\/label>\n\t\t\t<input  id=\"field_ealj5\" type=\"text\" class=\"frm_form_field form-field frm_verify\" name=\"item_meta[1790]\" value=\"\"  \/>\n\t\t<\/div>\n\t\t<input name=\"frm_state\" type=\"hidden\" value=\"0R\/y8fd\/K8QKRPAV8AhL+U0t4+wR7w13\/2xoU759Y8rut24iZQgS6wskXR\/u\/2Kn\" \/><\/div>\n<\/fieldset>\n<\/div>\n\n<p style=\"display: none !important;\" class=\"akismet-fields-container\" data-prefix=\"ak_\"><label>&#916;<textarea name=\"ak_hp_textarea\" cols=\"45\" rows=\"8\" maxlength=\"100\"><\/textarea><\/label><input type=\"hidden\" id=\"ak_js_1\" name=\"ak_js\" value=\"133\"\/><script>document.getElementById( \"ak_js_1\" ).setAttribute( \"value\", ( new Date() ).getTime() );<\/script><\/p><\/form>\n<\/div>\n<\/div><\/div>\n<\/div>\n<\/div>\n<\/div>\n","protected":false},"excerpt":{"rendered":"","protected":false},"author":2,"featured_media":0,"parent":0,"menu_order":0,"comment_status":"closed","ping_status":"closed","template":"","meta":{"_acf_changed":false,"footnotes":""},"class_list":["post-4553","page","type-page","status-publish","hentry"],"yoast_head":"<!-- This site is optimized with the Yoast SEO plugin v27.4 - https:\/\/yoast.com\/product\/yoast-seo-wordpress\/ -->\n<title>Werken bij ons - Capner BE<\/title>\n<meta name=\"robots\" content=\"index, follow, max-snippet:-1, max-image-preview:large, max-video-preview:-1\" \/>\n<link rel=\"canonical\" href=\"https:\/\/capner.be\/nl\/werken-bij-ons\/\" \/>\n<meta property=\"og:locale\" content=\"nl_NL\" \/>\n<meta property=\"og:type\" content=\"article\" \/>\n<meta property=\"og:title\" content=\"Werken bij ons - Capner BE\" \/>\n<meta property=\"og:url\" content=\"https:\/\/capner.be\/nl\/werken-bij-ons\/\" \/>\n<meta property=\"og:site_name\" content=\"Capner BE\" \/>\n<meta property=\"article:modified_time\" content=\"2025-09-30T08:15:54+00:00\" \/>\n<meta property=\"og:image\" content=\"https:\/\/capner.be\/wp-content\/uploads\/sites\/4\/2025\/09\/capner_be_lavora_con_noi.jpg\" \/>\n\t<meta property=\"og:image:width\" content=\"2000\" \/>\n\t<meta property=\"og:image:height\" content=\"1333\" \/>\n\t<meta property=\"og:image:type\" content=\"image\/jpeg\" \/>\n<meta name=\"twitter:card\" content=\"summary_large_image\" \/>\n<meta name=\"twitter:label1\" content=\"Geschatte leestijd\" \/>\n\t<meta name=\"twitter:data1\" content=\"1 minuut\" \/>\n<script type=\"application\/ld+json\" class=\"yoast-schema-graph\">{\"@context\":\"https:\\\/\\\/schema.org\",\"@graph\":[{\"@type\":\"WebPage\",\"@id\":\"https:\\\/\\\/capner.be\\\/nl\\\/werken-bij-ons\\\/\",\"url\":\"https:\\\/\\\/capner.be\\\/nl\\\/werken-bij-ons\\\/\",\"name\":\"Werken bij ons - Capner BE\",\"isPartOf\":{\"@id\":\"https:\\\/\\\/capner.be\\\/nl\\\/#website\"},\"primaryImageOfPage\":{\"@id\":\"https:\\\/\\\/capner.be\\\/nl\\\/werken-bij-ons\\\/#primaryimage\"},\"image\":{\"@id\":\"https:\\\/\\\/capner.be\\\/nl\\\/werken-bij-ons\\\/#primaryimage\"},\"thumbnailUrl\":\"https:\\\/\\\/capner.be\\\/wp-content\\\/uploads\\\/sites\\\/4\\\/2025\\\/09\\\/capner_be_lavora_con_noi-1024x682.jpg\",\"datePublished\":\"2025-03-03T12:02:40+00:00\",\"dateModified\":\"2025-09-30T08:15:54+00:00\",\"breadcrumb\":{\"@id\":\"https:\\\/\\\/capner.be\\\/nl\\\/werken-bij-ons\\\/#breadcrumb\"},\"inLanguage\":\"nl-NL\",\"potentialAction\":[{\"@type\":\"ReadAction\",\"target\":[\"https:\\\/\\\/capner.be\\\/nl\\\/werken-bij-ons\\\/\"]}]},{\"@type\":\"ImageObject\",\"inLanguage\":\"nl-NL\",\"@id\":\"https:\\\/\\\/capner.be\\\/nl\\\/werken-bij-ons\\\/#primaryimage\",\"url\":\"https:\\\/\\\/capner.be\\\/wp-content\\\/uploads\\\/sites\\\/4\\\/2025\\\/09\\\/capner_be_lavora_con_noi-1024x682.jpg\",\"contentUrl\":\"https:\\\/\\\/capner.be\\\/wp-content\\\/uploads\\\/sites\\\/4\\\/2025\\\/09\\\/capner_be_lavora_con_noi-1024x682.jpg\"},{\"@type\":\"BreadcrumbList\",\"@id\":\"https:\\\/\\\/capner.be\\\/nl\\\/werken-bij-ons\\\/#breadcrumb\",\"itemListElement\":[{\"@type\":\"ListItem\",\"position\":1,\"name\":\"Home\",\"item\":\"https:\\\/\\\/capner.be\\\/nl\\\/\"},{\"@type\":\"ListItem\",\"position\":2,\"name\":\"Werken bij ons\"}]},{\"@type\":\"WebSite\",\"@id\":\"https:\\\/\\\/capner.be\\\/nl\\\/#website\",\"url\":\"https:\\\/\\\/capner.be\\\/nl\\\/\",\"name\":\"Capner BE\",\"description\":\"A world of possibilities\",\"publisher\":{\"@id\":\"https:\\\/\\\/capner.be\\\/nl\\\/#organization\"},\"potentialAction\":[{\"@type\":\"SearchAction\",\"target\":{\"@type\":\"EntryPoint\",\"urlTemplate\":\"https:\\\/\\\/capner.be\\\/nl\\\/?s={search_term_string}\"},\"query-input\":{\"@type\":\"PropertyValueSpecification\",\"valueRequired\":true,\"valueName\":\"search_term_string\"}}],\"inLanguage\":\"nl-NL\"},{\"@type\":\"Organization\",\"@id\":\"https:\\\/\\\/capner.be\\\/nl\\\/#organization\",\"name\":\"Capner BE\",\"url\":\"https:\\\/\\\/capner.be\\\/nl\\\/\",\"logo\":{\"@type\":\"ImageObject\",\"inLanguage\":\"nl-NL\",\"@id\":\"https:\\\/\\\/capner.be\\\/nl\\\/#\\\/schema\\\/logo\\\/image\\\/\",\"url\":\"https:\\\/\\\/capner.be\\\/wp-content\\\/uploads\\\/sites\\\/4\\\/2025\\\/11\\\/capner-logo-svg.svg\",\"contentUrl\":\"https:\\\/\\\/capner.be\\\/wp-content\\\/uploads\\\/sites\\\/4\\\/2025\\\/11\\\/capner-logo-svg.svg\",\"caption\":\"Capner BE\"},\"image\":{\"@id\":\"https:\\\/\\\/capner.be\\\/nl\\\/#\\\/schema\\\/logo\\\/image\\\/\"}}]}<\/script>\n<!-- \/ Yoast SEO plugin. -->","yoast_head_json":{"title":"Werken bij ons - Capner BE","robots":{"index":"index","follow":"follow","max-snippet":"max-snippet:-1","max-image-preview":"max-image-preview:large","max-video-preview":"max-video-preview:-1"},"canonical":"https:\/\/capner.be\/nl\/werken-bij-ons\/","og_locale":"nl_NL","og_type":"article","og_title":"Werken bij ons - Capner BE","og_url":"https:\/\/capner.be\/nl\/werken-bij-ons\/","og_site_name":"Capner BE","article_modified_time":"2025-09-30T08:15:54+00:00","og_image":[{"width":2000,"height":1333,"url":"https:\/\/capner.be\/wp-content\/uploads\/sites\/4\/2025\/09\/capner_be_lavora_con_noi.jpg","type":"image\/jpeg"}],"twitter_card":"summary_large_image","twitter_misc":{"Geschatte leestijd":"1 minuut"},"schema":{"@context":"https:\/\/schema.org","@graph":[{"@type":"WebPage","@id":"https:\/\/capner.be\/nl\/werken-bij-ons\/","url":"https:\/\/capner.be\/nl\/werken-bij-ons\/","name":"Werken bij ons - Capner BE","isPartOf":{"@id":"https:\/\/capner.be\/nl\/#website"},"primaryImageOfPage":{"@id":"https:\/\/capner.be\/nl\/werken-bij-ons\/#primaryimage"},"image":{"@id":"https:\/\/capner.be\/nl\/werken-bij-ons\/#primaryimage"},"thumbnailUrl":"https:\/\/capner.be\/wp-content\/uploads\/sites\/4\/2025\/09\/capner_be_lavora_con_noi-1024x682.jpg","datePublished":"2025-03-03T12:02:40+00:00","dateModified":"2025-09-30T08:15:54+00:00","breadcrumb":{"@id":"https:\/\/capner.be\/nl\/werken-bij-ons\/#breadcrumb"},"inLanguage":"nl-NL","potentialAction":[{"@type":"ReadAction","target":["https:\/\/capner.be\/nl\/werken-bij-ons\/"]}]},{"@type":"ImageObject","inLanguage":"nl-NL","@id":"https:\/\/capner.be\/nl\/werken-bij-ons\/#primaryimage","url":"https:\/\/capner.be\/wp-content\/uploads\/sites\/4\/2025\/09\/capner_be_lavora_con_noi-1024x682.jpg","contentUrl":"https:\/\/capner.be\/wp-content\/uploads\/sites\/4\/2025\/09\/capner_be_lavora_con_noi-1024x682.jpg"},{"@type":"BreadcrumbList","@id":"https:\/\/capner.be\/nl\/werken-bij-ons\/#breadcrumb","itemListElement":[{"@type":"ListItem","position":1,"name":"Home","item":"https:\/\/capner.be\/nl\/"},{"@type":"ListItem","position":2,"name":"Werken bij ons"}]},{"@type":"WebSite","@id":"https:\/\/capner.be\/nl\/#website","url":"https:\/\/capner.be\/nl\/","name":"Capner BE","description":"A world of possibilities","publisher":{"@id":"https:\/\/capner.be\/nl\/#organization"},"potentialAction":[{"@type":"SearchAction","target":{"@type":"EntryPoint","urlTemplate":"https:\/\/capner.be\/nl\/?s={search_term_string}"},"query-input":{"@type":"PropertyValueSpecification","valueRequired":true,"valueName":"search_term_string"}}],"inLanguage":"nl-NL"},{"@type":"Organization","@id":"https:\/\/capner.be\/nl\/#organization","name":"Capner BE","url":"https:\/\/capner.be\/nl\/","logo":{"@type":"ImageObject","inLanguage":"nl-NL","@id":"https:\/\/capner.be\/nl\/#\/schema\/logo\/image\/","url":"https:\/\/capner.be\/wp-content\/uploads\/sites\/4\/2025\/11\/capner-logo-svg.svg","contentUrl":"https:\/\/capner.be\/wp-content\/uploads\/sites\/4\/2025\/11\/capner-logo-svg.svg","caption":"Capner BE"},"image":{"@id":"https:\/\/capner.be\/nl\/#\/schema\/logo\/image\/"}}]}},"acf":[],"_links":{"self":[{"href":"https:\/\/capner.be\/nl\/wp-json\/wp\/v2\/pages\/4553","targetHints":{"allow":["GET"]}}],"collection":[{"href":"https:\/\/capner.be\/nl\/wp-json\/wp\/v2\/pages"}],"about":[{"href":"https:\/\/capner.be\/nl\/wp-json\/wp\/v2\/types\/page"}],"author":[{"embeddable":true,"href":"https:\/\/capner.be\/nl\/wp-json\/wp\/v2\/users\/2"}],"replies":[{"embeddable":true,"href":"https:\/\/capner.be\/nl\/wp-json\/wp\/v2\/comments?post=4553"}],"version-history":[{"count":2,"href":"https:\/\/capner.be\/nl\/wp-json\/wp\/v2\/pages\/4553\/revisions"}],"predecessor-version":[{"id":4817,"href":"https:\/\/capner.be\/nl\/wp-json\/wp\/v2\/pages\/4553\/revisions\/4817"}],"wp:attachment":[{"href":"https:\/\/capner.be\/nl\/wp-json\/wp\/v2\/media?parent=4553"}],"curies":[{"name":"wp","href":"https:\/\/api.w.org\/{rel}","templated":true}]}}