{"id":4629,"date":"2024-04-18T13:07:13","date_gmt":"2024-04-18T11:07:13","guid":{"rendered":"https:\/\/staging4.team99.it\/privacy-policy\/"},"modified":"2025-09-16T17:58:35","modified_gmt":"2025-09-16T15:58:35","slug":"privacybeleid","status":"publish","type":"page","link":"https:\/\/capner.be\/nl\/privacybeleid\/","title":{"rendered":"Privacybeleid"},"content":{"rendered":"\n<div class=\"wp-block-group has-global-padding is-layout-constrained wp-block-group-is-layout-constrained\" style=\"padding-top:var(--wp--preset--spacing--60);padding-bottom:var(--wp--preset--spacing--60)\">\n<h1 class=\"wp-block-heading\">Privacy Policy<\/h1>\n\n\n\n<p class=\"\"><strong>Qui sommes-nous<\/strong><br>L\u2019adresse de notre site web est :&nbsp;<a href=\"https:\/\/capner.be\/lu\/\">https:\/\/capner.be\/lu\/<\/a>.<br><br><strong>Commentaires<\/strong><br>Lorsque les visiteurs laissent des commentaires sur le site, nous collectons les donn\u00e9es affich\u00e9es dans le formulaire de commentaires, ainsi que l\u2019adresse IP du visiteur et la cha\u00eene d\u2019agent utilisateur du navigateur pour faciliter la d\u00e9tection des spams.<br>Une cha\u00eene anonymis\u00e9e cr\u00e9\u00e9e \u00e0 partir de votre adresse e-mail (\u00e9galement appel\u00e9e hash) peut \u00eatre fournie au service Gravatar pour voir si vous l\u2019utilisez. La politique de confidentialit\u00e9 du service Gravatar est disponible ici :&nbsp;<a href=\"https:\/\/automattic.com\/privacy\/\">https:\/\/automattic.com\/privacy\/<\/a>. Apr\u00e8s l\u2019approbation de votre commentaire, votre image de profil est visible par le public dans le contexte de votre commentaire.<br><br><strong>M\u00e9dias<\/strong><br>Si vous t\u00e9l\u00e9chargez des images sur le site web, vous devriez \u00e9viter de t\u00e9l\u00e9charger des images qui incluent des donn\u00e9es de localisation int\u00e9gr\u00e9es (EXIF GPS). Les visiteurs du site web peuvent t\u00e9l\u00e9charger et extraire toutes les donn\u00e9es de localisation des images sur le site web.<br><br><strong>Cookies<\/strong><br>Si vous laissez un commentaire sur notre site, vous pouvez choisir d\u2019enregistrer votre nom, votre adresse e-mail et votre site web dans des cookies. Ils sont utilis\u00e9s pour votre commodit\u00e9 afin que vous n\u2019ayez pas \u00e0 saisir \u00e0 nouveau vos donn\u00e9es lorsque vous laissez un autre commentaire. Ces cookies dureront un an.<br><br>Si vous visitez la page de connexion, un cookie temporaire sera configur\u00e9 pour d\u00e9terminer si votre navigateur accepte les cookies. Ce cookie ne contient pas de donn\u00e9es personnelles et est supprim\u00e9 lorsque vous fermez votre navigateur.<br><br>Lorsque vous vous connectez, plusieurs cookies seront configur\u00e9s pour enregistrer vos informations de connexion et vos pr\u00e9f\u00e9rences d\u2019affichage. Les cookies de connexion durent deux jours, tandis que les cookies pour les pr\u00e9f\u00e9rences d\u2019affichage durent un an. Si vous s\u00e9lectionnez \u00ab&nbsp;Se souvenir de moi&nbsp;\u00bb, votre connexion persistera pendant deux semaines. Si vous vous d\u00e9connectez de votre compte, les cookies de connexion seront supprim\u00e9s.<br><br>Si vous modifiez ou publiez un article, un cookie suppl\u00e9mentaire sera enregistr\u00e9 dans votre navigateur. Ce cookie ne contient pas de donn\u00e9es personnelles, mais indique simplement l\u2019ID de l\u2019article r\u00e9cemment modifi\u00e9. Il expire apr\u00e8s 1 jour.<br><br><strong>Contenu int\u00e9gr\u00e9 depuis d\u2019autres sites web<\/strong><br>Les articles sur ce site peuvent inclure des contenus int\u00e9gr\u00e9s (par exemple des vid\u00e9os, des images, des articles, etc.). Les contenus int\u00e9gr\u00e9s depuis d\u2019autres sites web se comportent exactement de la m\u00eame mani\u00e8re que si le visiteur avait visit\u00e9 l\u2019autre site web.<br><br>Ces sites web peuvent collecter des donn\u00e9es vous concernant, utiliser des cookies, int\u00e9grer des suivis suppl\u00e9mentaires de tiers et surveiller votre interaction avec eux, y compris le suivi de votre interaction avec le contenu int\u00e9gr\u00e9 si vous avez un compte et \u00eates connect\u00e9 \u00e0 ces sites web.<br><br>Avec qui partageons-nous vos donn\u00e9es Si vous demandez une r\u00e9initialisation de mot de passe, votre adresse IP sera incluse dans l\u2019e-mail de r\u00e9initialisation.<br><br><strong>Combien de temps conservons-nous vos donn\u00e9es<\/strong><br>Si vous laissez un commentaire, le commentaire et ses m\u00e9tadonn\u00e9es sont conserv\u00e9s ind\u00e9finiment. C\u2019est ainsi que nous pouvons reconna\u00eetre et approuver automatiquement tous les commentaires suivants au lieu de les conserver dans une file d\u2019attente de mod\u00e9ration.<br><br>Pour les utilisateurs qui s\u2019inscrivent sur notre site web (le cas \u00e9ch\u00e9ant), nous stockons \u00e9galement les informations personnelles qu\u2019ils fournissent dans leur profil utilisateur. Tous les utilisateurs peuvent voir, modifier ou supprimer leurs informations personnelles \u00e0 tout moment (\u00e0 l\u2019exception de leur nom d\u2019utilisateur qu\u2019ils ne peuvent pas changer). Les administrateurs du site web peuvent \u00e9galement voir et modifier ces informations.<br><br><strong>Quels sont vos droits sur vos donn\u00e9es<\/strong><br>Si vous avez un compte sur ce site, ou si vous avez laiss\u00e9 des commentaires, vous pouvez demander \u00e0 recevoir un fichier export\u00e9 du site contenant les donn\u00e9es personnelles que nous avons \u00e0 votre sujet, y compris les donn\u00e9es que vous nous avez fournies. Vous pouvez \u00e9galement demander que nous effacions toutes les donn\u00e9es personnelles vous concernant. Cela n\u2019inclut pas les donn\u00e9es que nous sommes oblig\u00e9s de conserver \u00e0 des fins administratives, l\u00e9gales ou de s\u00e9curit\u00e9.<br><br><strong>O\u00f9 vos donn\u00e9es sont-elles envoy\u00e9es<\/strong><br>Les commentaires des visiteurs peuvent \u00eatre v\u00e9rifi\u00e9s via un service de d\u00e9tection automatique de spam.<\/p>\n<\/div>\n","protected":false},"excerpt":{"rendered":"<p>Privacy Policy Qui sommes-nousL\u2019adresse de notre site web est :&nbsp;https:\/\/capner.be\/lu\/. CommentairesLorsque les visiteurs laissent des commentaires sur le site, nous collectons les donn\u00e9es affich\u00e9es dans le formulaire de commentaires, ainsi que l\u2019adresse IP du visiteur et la cha\u00eene d\u2019agent utilisateur du navigateur pour faciliter la d\u00e9tection des spams.Une cha\u00eene anonymis\u00e9e cr\u00e9\u00e9e \u00e0 partir de votre [&hellip;]<\/p>\n","protected":false},"author":2,"featured_media":0,"parent":0,"menu_order":0,"comment_status":"closed","ping_status":"closed","template":"","meta":{"_acf_changed":false,"footnotes":""},"class_list":["post-4629","page","type-page","status-publish","hentry"],"yoast_head":"<!-- This site is optimized with the Yoast SEO plugin v27.3 - https:\/\/yoast.com\/product\/yoast-seo-wordpress\/ -->\n<title>Privacybeleid - Capner BE<\/title>\n<meta name=\"robots\" content=\"index, follow, max-snippet:-1, max-image-preview:large, max-video-preview:-1\" \/>\n<link rel=\"canonical\" href=\"https:\/\/capner.be\/nl\/privacybeleid\/\" \/>\n<meta property=\"og:locale\" content=\"nl_NL\" \/>\n<meta property=\"og:type\" content=\"article\" \/>\n<meta property=\"og:title\" content=\"Privacybeleid - Capner BE\" \/>\n<meta property=\"og:description\" content=\"Privacy Policy Qui sommes-nousL\u2019adresse de notre site web est :&nbsp;https:\/\/capner.be\/lu\/. CommentairesLorsque les visiteurs laissent des commentaires sur le site, nous collectons les donn\u00e9es affich\u00e9es dans le formulaire de commentaires, ainsi que l\u2019adresse IP du visiteur et la cha\u00eene d\u2019agent utilisateur du navigateur pour faciliter la d\u00e9tection des spams.Une cha\u00eene anonymis\u00e9e cr\u00e9\u00e9e \u00e0 partir de votre [&hellip;]\" \/>\n<meta property=\"og:url\" content=\"https:\/\/capner.be\/nl\/privacybeleid\/\" \/>\n<meta property=\"og:site_name\" content=\"Capner BE\" \/>\n<meta property=\"article:modified_time\" content=\"2025-09-16T15:58:35+00:00\" \/>\n<meta name=\"twitter:card\" content=\"summary_large_image\" \/>\n<meta name=\"twitter:label1\" content=\"Geschatte leestijd\" \/>\n\t<meta name=\"twitter:data1\" content=\"4 minuten\" \/>\n<script type=\"application\/ld+json\" class=\"yoast-schema-graph\">{\"@context\":\"https:\\\/\\\/schema.org\",\"@graph\":[{\"@type\":\"WebPage\",\"@id\":\"https:\\\/\\\/capner.be\\\/nl\\\/privacybeleid\\\/\",\"url\":\"https:\\\/\\\/capner.be\\\/nl\\\/privacybeleid\\\/\",\"name\":\"Privacybeleid - Capner BE\",\"isPartOf\":{\"@id\":\"https:\\\/\\\/capner.be\\\/nl\\\/#website\"},\"datePublished\":\"2024-04-18T11:07:13+00:00\",\"dateModified\":\"2025-09-16T15:58:35+00:00\",\"breadcrumb\":{\"@id\":\"https:\\\/\\\/capner.be\\\/nl\\\/privacybeleid\\\/#breadcrumb\"},\"inLanguage\":\"nl-NL\",\"potentialAction\":[{\"@type\":\"ReadAction\",\"target\":[\"https:\\\/\\\/capner.be\\\/nl\\\/privacybeleid\\\/\"]}]},{\"@type\":\"BreadcrumbList\",\"@id\":\"https:\\\/\\\/capner.be\\\/nl\\\/privacybeleid\\\/#breadcrumb\",\"itemListElement\":[{\"@type\":\"ListItem\",\"position\":1,\"name\":\"Home\",\"item\":\"https:\\\/\\\/capner.be\\\/nl\\\/\"},{\"@type\":\"ListItem\",\"position\":2,\"name\":\"Privacybeleid\"}]},{\"@type\":\"WebSite\",\"@id\":\"https:\\\/\\\/capner.be\\\/nl\\\/#website\",\"url\":\"https:\\\/\\\/capner.be\\\/nl\\\/\",\"name\":\"Capner BE\",\"description\":\"A world of possibilities\",\"publisher\":{\"@id\":\"https:\\\/\\\/capner.be\\\/nl\\\/#organization\"},\"potentialAction\":[{\"@type\":\"SearchAction\",\"target\":{\"@type\":\"EntryPoint\",\"urlTemplate\":\"https:\\\/\\\/capner.be\\\/nl\\\/?s={search_term_string}\"},\"query-input\":{\"@type\":\"PropertyValueSpecification\",\"valueRequired\":true,\"valueName\":\"search_term_string\"}}],\"inLanguage\":\"nl-NL\"},{\"@type\":\"Organization\",\"@id\":\"https:\\\/\\\/capner.be\\\/nl\\\/#organization\",\"name\":\"Capner BE\",\"url\":\"https:\\\/\\\/capner.be\\\/nl\\\/\",\"logo\":{\"@type\":\"ImageObject\",\"inLanguage\":\"nl-NL\",\"@id\":\"https:\\\/\\\/capner.be\\\/nl\\\/#\\\/schema\\\/logo\\\/image\\\/\",\"url\":\"https:\\\/\\\/capner.be\\\/wp-content\\\/uploads\\\/sites\\\/4\\\/2025\\\/11\\\/capner-logo-svg.svg\",\"contentUrl\":\"https:\\\/\\\/capner.be\\\/wp-content\\\/uploads\\\/sites\\\/4\\\/2025\\\/11\\\/capner-logo-svg.svg\",\"caption\":\"Capner BE\"},\"image\":{\"@id\":\"https:\\\/\\\/capner.be\\\/nl\\\/#\\\/schema\\\/logo\\\/image\\\/\"}}]}<\/script>\n<!-- \/ Yoast SEO plugin. -->","yoast_head_json":{"title":"Privacybeleid - Capner BE","robots":{"index":"index","follow":"follow","max-snippet":"max-snippet:-1","max-image-preview":"max-image-preview:large","max-video-preview":"max-video-preview:-1"},"canonical":"https:\/\/capner.be\/nl\/privacybeleid\/","og_locale":"nl_NL","og_type":"article","og_title":"Privacybeleid - Capner BE","og_description":"Privacy Policy Qui sommes-nousL\u2019adresse de notre site web est :&nbsp;https:\/\/capner.be\/lu\/. CommentairesLorsque les visiteurs laissent des commentaires sur le site, nous collectons les donn\u00e9es affich\u00e9es dans le formulaire de commentaires, ainsi que l\u2019adresse IP du visiteur et la cha\u00eene d\u2019agent utilisateur du navigateur pour faciliter la d\u00e9tection des spams.Une cha\u00eene anonymis\u00e9e cr\u00e9\u00e9e \u00e0 partir de votre [&hellip;]","og_url":"https:\/\/capner.be\/nl\/privacybeleid\/","og_site_name":"Capner BE","article_modified_time":"2025-09-16T15:58:35+00:00","twitter_card":"summary_large_image","twitter_misc":{"Geschatte leestijd":"4 minuten"},"schema":{"@context":"https:\/\/schema.org","@graph":[{"@type":"WebPage","@id":"https:\/\/capner.be\/nl\/privacybeleid\/","url":"https:\/\/capner.be\/nl\/privacybeleid\/","name":"Privacybeleid - Capner BE","isPartOf":{"@id":"https:\/\/capner.be\/nl\/#website"},"datePublished":"2024-04-18T11:07:13+00:00","dateModified":"2025-09-16T15:58:35+00:00","breadcrumb":{"@id":"https:\/\/capner.be\/nl\/privacybeleid\/#breadcrumb"},"inLanguage":"nl-NL","potentialAction":[{"@type":"ReadAction","target":["https:\/\/capner.be\/nl\/privacybeleid\/"]}]},{"@type":"BreadcrumbList","@id":"https:\/\/capner.be\/nl\/privacybeleid\/#breadcrumb","itemListElement":[{"@type":"ListItem","position":1,"name":"Home","item":"https:\/\/capner.be\/nl\/"},{"@type":"ListItem","position":2,"name":"Privacybeleid"}]},{"@type":"WebSite","@id":"https:\/\/capner.be\/nl\/#website","url":"https:\/\/capner.be\/nl\/","name":"Capner BE","description":"A world of possibilities","publisher":{"@id":"https:\/\/capner.be\/nl\/#organization"},"potentialAction":[{"@type":"SearchAction","target":{"@type":"EntryPoint","urlTemplate":"https:\/\/capner.be\/nl\/?s={search_term_string}"},"query-input":{"@type":"PropertyValueSpecification","valueRequired":true,"valueName":"search_term_string"}}],"inLanguage":"nl-NL"},{"@type":"Organization","@id":"https:\/\/capner.be\/nl\/#organization","name":"Capner BE","url":"https:\/\/capner.be\/nl\/","logo":{"@type":"ImageObject","inLanguage":"nl-NL","@id":"https:\/\/capner.be\/nl\/#\/schema\/logo\/image\/","url":"https:\/\/capner.be\/wp-content\/uploads\/sites\/4\/2025\/11\/capner-logo-svg.svg","contentUrl":"https:\/\/capner.be\/wp-content\/uploads\/sites\/4\/2025\/11\/capner-logo-svg.svg","caption":"Capner BE"},"image":{"@id":"https:\/\/capner.be\/nl\/#\/schema\/logo\/image\/"}}]}},"acf":[],"_links":{"self":[{"href":"https:\/\/capner.be\/nl\/wp-json\/wp\/v2\/pages\/4629","targetHints":{"allow":["GET"]}}],"collection":[{"href":"https:\/\/capner.be\/nl\/wp-json\/wp\/v2\/pages"}],"about":[{"href":"https:\/\/capner.be\/nl\/wp-json\/wp\/v2\/types\/page"}],"author":[{"embeddable":true,"href":"https:\/\/capner.be\/nl\/wp-json\/wp\/v2\/users\/2"}],"replies":[{"embeddable":true,"href":"https:\/\/capner.be\/nl\/wp-json\/wp\/v2\/comments?post=4629"}],"version-history":[{"count":1,"href":"https:\/\/capner.be\/nl\/wp-json\/wp\/v2\/pages\/4629\/revisions"}],"predecessor-version":[{"id":4631,"href":"https:\/\/capner.be\/nl\/wp-json\/wp\/v2\/pages\/4629\/revisions\/4631"}],"wp:attachment":[{"href":"https:\/\/capner.be\/nl\/wp-json\/wp\/v2\/media?parent=4629"}],"curies":[{"name":"wp","href":"https:\/\/api.w.org\/{rel}","templated":true}]}}